{"id":179,"date":"2021-11-23T09:53:55","date_gmt":"2021-11-23T08:53:55","guid":{"rendered":"http:\/\/xn--glckskraft-beb.de\/neu\/?page_id=179"},"modified":"2024-02-22T09:11:02","modified_gmt":"2024-02-22T08:11:02","slug":"impressum","status":"publish","type":"page","link":"https:\/\/xn--glckskraft-beb.de\/neu\/impressum\/","title":{"rendered":"Impressum"},"content":{"rendered":"\n<h1 class=\"wp-block-heading\">Impressum<\/h1>\n\n\n\n<h5 class=\"wp-block-heading\"><strong>Angaben gem\u00e4\u00df \u00a7 5 TMG<\/strong><\/h5>\n\n\n\n<p><strong>Michaela Linnemann<\/strong><br>Heilpraktikerin (Psychotherapie)<br>Privatpraxis Gl\u00fcckskraft<br>Mendener Str. 36<br>59755 Arnsberg-Neheim<\/p>\n\n\n\n<h5 class=\"wp-block-heading\"><br>Ebenfalls Verantwortlicher f\u00fcr den Inhalt der Homepage nach \u00a7 55 Abs. 2 RStV<\/h5>\n\n\n\n<p><strong>Kontakt<\/strong><\/p>\n\n\n\n<p>Telefon: + 49 (0) 2932 89 53 955<br>Telefax: + 49 (0) 2932 89 53 952<br>E-Mail: <a href=\"mailto:info@glueckskraft.de\">info@glueckskraft.de<\/a><\/p>\n\n\n\n<p><strong>Berufsbezeichnung<\/strong><\/p>\n\n\n\n<p>Berufsbezeichnung: Heilpraktikerin (Psychotherapie)<br>verliehen am: 23.11.2017<br>in der Bundesrepublik Deutschland<\/p>\n\n\n\n<p><strong>Zust\u00e4ndige Aufsichtsbeh\u00f6rde<\/strong><\/p>\n\n\n\n<p>Gesundheitsamt Arnsberg-Meschede<\/p>\n\n\n\n<p>Steinstrasse 27<\/p>\n\n\n\n<p>59872 Meschede<\/p>\n\n\n\n<p>http:\/\/www.hochsauerlandkreis.de<\/p>\n\n\n\n<p><strong>Tag der amts\u00e4rztlichen \u00dcberpr\u00fcfung<\/strong><\/p>\n\n\n\n<p>23.11.2017<\/p>\n\n\n\n<p><strong>Beh\u00f6rdliche Erlaubnis durch Gesundheitsamt in<\/strong><\/p>\n\n\n\n<p>Dortmund<\/p>\n\n\n\n<p>Hoher Wall 9-11<\/p>\n\n\n\n<p>44137 Dortmund<\/p>\n\n\n\n<p><strong>Umsatzsteuer-ID<\/strong><\/p>\n\n\n\n<p><strong>Steuer-Nr.: 303\/5069\/3180<\/strong><\/p>\n\n\n\n<p><strong>Ind. Nr. 80 756 339 422<\/strong><\/p>\n\n\n\n<p>Heilkundliche T\u00e4tigkeit befreit von der Umsatzsteuer gem\u00e4\u00df \u00a7 4 Nr.14 UStG<\/p>\n\n\n\n<p><strong>Erg\u00e4nzende Angaben<\/strong><\/p>\n\n\n\n<p>Berufsverbandsmitgliedschaft in: Verband freier Psychotherapeuten, Heilpraktiker f\u00fcr Psychotherapie und psychologischer Berater e.V. VFP<\/p>\n\n\n\n<p><br>Mitgliedsnummer: 1131153<\/p>\n\n\n\n<p><a href=\"http:\/\/www.vfp.de\/\">http:\/\/www.vfp.de<\/a><\/p>\n\n\n\n<p><strong>Berufsrechtliche Regelung<\/strong><\/p>\n\n\n\n<p>Es gelten folgende berufsrechtliche Regelungen: Als Heilpraktikerin (Psychotherapie) t\u00e4tig aufgrund der \u00bbErlaubnis zur Aus\u00fcbung der Heilkunde ohne Bestallung\u00ab gem\u00e4\u00df \u00a71 Abs. 1 des Gesetzes \u00fcber die Aus\u00fcbung der Heilkunde ohne Bestallung (Heilpraktikergesetz) vom 17.02.1939. Die Erlaubnis vom wurde durch das Gesundheitsamt Dortmund (Bundesrepublik Deutschland) erteilt. einsehbar unter: https:\/\/www.gesetze-im-internet.de<br><br><\/p>\n\n\n\n<p><strong>Angaben zur Berufshaftpflichtversicherung<\/strong><\/p>\n\n\n\n<p><strong>Name und Sitz des Versicherers:<\/strong><br>LVM Versicherungsagentur<br>Kolde-Ring, 21<br>48126 M\u00fcnster<\/p>\n\n\n\n<p><strong>Geltungsraum der Versicherung:<\/strong><br>Deutschland<\/p>\n\n\n\n<p><strong>Verbraucher\u00adstreit\u00adbeilegung\/Universal\u00adschlichtungs\u00adstelle<\/strong><\/p>\n\n\n\n<p>Wir sind nicht bereit oder verpflichtet, an Streitbeilegungsverfahren vor einer Verbraucherschlichtungsstelle teilzunehmen.<\/p>\n\n\n\n<p><strong>Haftung f\u00fcr Inhalte<\/strong><\/p>\n\n\n\n<p>Als Diensteanbieter sind wir gem\u00e4\u00df \u00a7 7 Abs.1 TMG f\u00fcr eigene Inhalte auf diesen Seiten nach den allgemeinen Gesetzen verantwortlich. Nach \u00a7\u00a7 8 bis 10 TMG sind wir als Diensteanbieter jedoch nicht verpflichtet, \u00fcbermittelte oder gespeicherte fremde Informationen zu \u00fcberwachen oder nach Umst\u00e4nden zu forschen, die auf eine rechtswidrige T\u00e4tigkeit hinweisen.<\/p>\n\n\n\n<p>Verpflichtungen zur Entfernung oder Sperrung der Nutzung von Informationen nach den allgemeinen Gesetzen bleiben hiervon unber\u00fchrt. Eine diesbez\u00fcgliche Haftung ist jedoch erst ab dem Zeitpunkt der Kenntnis einer konkreten Rechtsverletzung m\u00f6glich. Bei Bekanntwerden von entsprechenden Rechtsverletzungen werden wir diese Inhalte umgehend entfernen.<\/p>\n\n\n\n<p><strong>Haftung f\u00fcr Links<\/strong><\/p>\n\n\n\n<p>Unser Angebot enth\u00e4lt Links zu externen Websites Dritter, auf deren Inhalte wir keinen Einfluss haben. Deshalb k\u00f6nnen wir f\u00fcr diese fremden Inhalte auch keine Gew\u00e4hr \u00fcbernehmen. F\u00fcr die Inhalte der verlinkten Seiten ist stets der jeweilige Anbieter oder Betreiber der Seiten verantwortlich. Die verlinkten Seiten wurden zum Zeitpunkt der Verlinkung auf m\u00f6gliche Rechtsverst\u00f6\u00dfe \u00fcberpr\u00fcft. Rechtswidrige Inhalte waren zum Zeitpunkt der Verlinkung nicht erkennbar.<\/p>\n\n\n\n<p>Eine permanente inhaltliche Kontrolle der verlinkten Seiten ist jedoch ohne konkrete Anhaltspunkte einer Rechtsverletzung nicht zumutbar. Bei Bekanntwerden von Rechtsverletzungen werden wir derartige Links umgehend entfernen.<\/p>\n\n\n\n<p><strong>Urheberrecht<\/strong><\/p>\n\n\n\n<p>Die durch die Seitenbetreiber erstellten Inhalte und Werke auf diesen Seiten unterliegen dem deutschen Urheberrecht. Die Vervielf\u00e4ltigung, Bearbeitung, Verbreitung und jede Art der Verwertung au\u00dferhalb der Grenzen des Urheberrechtes bed\u00fcrfen der schriftlichen Zustimmung des jeweiligen Autors bzw. Erstellers. Downloads und Kopien dieser Seite sind nur f\u00fcr den privaten, nicht kommerziellen Gebrauch gestattet.<\/p>\n\n\n\n<p>Soweit die Inhalte auf dieser Seite nicht vom Betreiber erstellt wurden, werden die Urheberrechte Dritter beachtet. Insbesondere werden Inhalte Dritter als solche gekennzeichnet. Sollten Sie trotzdem auf eine Urheberrechtsverletzung aufmerksam werden, bitten wir um einen entsprechenden Hinweis. Bei Bekanntwerden von Rechtsverletzungen werden wir derartige Inhalte umgehend entfernen.<\/p>\n\n\n\n<p><strong>Internet Disclaimer \/ Haftungsausschluss<\/strong><\/p>\n\n\n\n<p>Wir begr\u00fc\u00dfen jeden Interessierten auf unserer Website.<br><br>Wir weisen darauf hin, dass sich diese Website und s\u00e4mtliche Informationen auf der Website nach deutschem Recht richten. Jeder Benutzer, welcher \u00fcber diesen Disclaimer hinweggeht, um auf unseren einzelnen Seiten Zugriff zu nehmen, erkennt mit dem Weiterbl\u00e4ttern der Seite an, dass sich die Beziehung zwischen ihm und uns ausschlie\u00dflich nach deutschem Recht richtet.<br><br>Vorsorglich weisen wir darauf hin, dass die von uns abgegebenen Informationen auf der Website nicht genutzt werden k\u00f6nnen, um Krankheiten oder Leiden selbst zu erkennen und zu therapieren.<br><br>F\u00fcr die Vollst\u00e4ndigkeit oder Richtigkeit der Informationen auf dieser Website k\u00f6nnen wir keine Garantie \u00fcbernehmen.<br><br>Wir k\u00f6nnen nicht ausschlie\u00dfen, dass unsere Internetseiten auch Informationen durch Dritte aufweisen. F\u00fcr diese Informationen k\u00f6nnen wir keine Haftung \u00fcbernehmen. Dies gilt vor allem auch f\u00fcr Links zu anderen Websites, die wir zwar immer wieder daraufhin \u00fcberpr\u00fcfen, ob sie rechtswidrige Inhalte enthalten, aber keine Gew\u00e4hr daf\u00fcr leisten k\u00f6nnen. Die Inhalte dieser Seiten stellen nicht unsere Meinung dar, die Links werden nur zur Verbesserung der Informationsvielfalt ver\u00f6ffentlicht.<br><br>S\u00e4mtliche Texte und Grafiken auf unseren Webseiten sind urheberrechtlich oder durch sonstige Schutzrechte gesch\u00fctzt. Der Gebrauch oder die Vervielf\u00e4ltigung dieser Grafiken und Texte ist ohne die vorherige schriftliche Genehmigung durch uns nicht gestattet. Insbesondere werden wir es nicht gestatten, dass Produktbezeichnungen, welche grunds\u00e4tzlich Markenschutz genie\u00dfen, von Dritten gebraucht werden.<br><br>Um die Internetseite aktuell halten zu k\u00f6nnen, werden wir selbstverst\u00e4ndlich die Texte gegebenenfalls \u00e4ndern und \/ oder erg\u00e4nzen. Eine Haftung aus dem Inhalt der Internetseiten ergibt sich nicht.<\/p>\n\n\n\n<p>Quelle: <a rel=\"noreferrer noopener\" href=\"http:\/\/www.erecht24.de\" target=\"_blank\">erecht24.de<\/a>&nbsp;und Impressumsgenerator des BDH<\/p>\n\n\n\n<hr class=\"wp-block-separator has-alpha-channel-opacity\"\/>\n\n\n\n<h3 class=\"wp-block-heading\">Bildrechte:<\/h3>\n\n\n\n<p><strong>Bildquellen<\/strong><br>Unsplash<br><strong>Private Bildquellen<\/strong><br>\u2022 Michaela Linnemann, Webdesigner M. Kuess, Kaleidoskop \u2013Lichtmomente Fotografie<\/p>\n","protected":false},"excerpt":{"rendered":"<p>Impressum Angaben gem\u00e4\u00df \u00a7 5 TMG Michaela LinnemannHeilpraktikerin (Psychotherapie)Privatpraxis Gl\u00fcckskraftMendener Str. 3659755 Arnsberg-Neheim Ebenfalls Verantwortlicher f\u00fcr den Inhalt der Homepage nach \u00a7 55 Abs. 2 RStV<span class=\"excerpt-hellip\"> [\u2026]<\/span><\/p>\n","protected":false},"author":2,"featured_media":0,"parent":0,"menu_order":0,"comment_status":"closed","ping_status":"open","template":"","meta":{"footnotes":""},"class_list":["post-179","page","type-page","status-publish","hentry"],"_links":{"self":[{"href":"https:\/\/xn--glckskraft-beb.de\/neu\/wp-json\/wp\/v2\/pages\/179","targetHints":{"allow":["GET"]}}],"collection":[{"href":"https:\/\/xn--glckskraft-beb.de\/neu\/wp-json\/wp\/v2\/pages"}],"about":[{"href":"https:\/\/xn--glckskraft-beb.de\/neu\/wp-json\/wp\/v2\/types\/page"}],"author":[{"embeddable":true,"href":"https:\/\/xn--glckskraft-beb.de\/neu\/wp-json\/wp\/v2\/users\/2"}],"replies":[{"embeddable":true,"href":"https:\/\/xn--glckskraft-beb.de\/neu\/wp-json\/wp\/v2\/comments?post=179"}],"version-history":[{"count":10,"href":"https:\/\/xn--glckskraft-beb.de\/neu\/wp-json\/wp\/v2\/pages\/179\/revisions"}],"predecessor-version":[{"id":447,"href":"https:\/\/xn--glckskraft-beb.de\/neu\/wp-json\/wp\/v2\/pages\/179\/revisions\/447"}],"wp:attachment":[{"href":"https:\/\/xn--glckskraft-beb.de\/neu\/wp-json\/wp\/v2\/media?parent=179"}],"curies":[{"name":"wp","href":"https:\/\/api.w.org\/{rel}","templated":true}]}}